{"id":44971,"date":"2018-10-26T04:29:22","date_gmt":"2018-10-26T04:29:22","guid":{"rendered":"https:\/\/stg.sakuramontessori.edu.vn\/gioi-thieu\/"},"modified":"2018-10-26T04:29:22","modified_gmt":"2018-10-26T04:29:22","slug":"gioi-thieu","status":"publish","type":"page","link":"https:\/\/stg.sakuramontessori.edu.vn\/en\/gioi-thieu\/","title":{"rendered":"Gi\u1edbi thi\u1ec7u h\u1ec7 th\u1ed1ng tr\u01b0\u1eddng m\u1ea7m non Sakura Montessori"},"content":{"rendered":"[vc_row][vc_column][vc_empty_space][vc_row_inner][vc_column_inner width=&#8221;1\/2&#8243;][vc_column_text]<img loading=\"lazy\" decoding=\"async\" class=\"aligncenter size-full wp-image-4224\" src=\"https:\/\/websakuramontessorieduvnprod.s3.ap-southeast-1.amazonaws.com\/wp-content\/uploads\/2018\/10\/10231018\/gioi-thieu-mam-non-quoc-te-sakura-montessori.jpg\" alt=\"\" width=\"560\" height=\"300\" srcset=\"https:\/\/websakuramontessorieduvnprod.s3.ap-southeast-1.amazonaws.com\/wp-content\/uploads\/2018\/10\/10231018\/gioi-thieu-mam-non-quoc-te-sakura-montessori.jpg 560w, https:\/\/websakuramontessorieduvnprod.s3.ap-southeast-1.amazonaws.com\/wp-content\/uploads\/2018\/10\/10231018\/gioi-thieu-mam-non-quoc-te-sakura-montessori-300x161.jpg 300w\" sizes=\"auto, (max-width: 560px) 100vw, 560px\" \/>[\/vc_column_text][\/vc_column_inner][vc_column_inner width=&#8221;1\/2&#8243;][vc_custom_heading text=&#8221;Th\u00f4ng \u0111i\u1ec7p t\u1eeb nh\u00e0 s\u00e1ng l\u1eadp&#8221; google_fonts=&#8221;font_family:Roboto%3A100%2C100italic%2C300%2C300italic%2Cregular%2Citalic%2C500%2C500italic%2C700%2C700italic%2C900%2C900italic|font_style:700%20bold%20regular%3A700%3Anormal&#8221; css_animation=&#8221;none&#8221;][vc_column_text]SMIS ph\u00e1t tri\u1ec3n h\u01b0\u1edbng \u0111\u1ebfn m\u00f4i tr\u01b0\u1eddng gi\u00e1o d\u1ee5c m\u1ea7m non th\u00e2n thi\u1ec7n, tr\u00e0n ng\u1eadp ti\u1ebfng c\u01b0\u1eddi tr\u1ebb th\u01a1 v\u1edbi ph\u01b0\u01a1ng ph\u00e1p Montessori, k\u1ebft h\u1ee3p nh\u1eefng \u01b0u \u0111i\u1ec3m c\u1ee7a ph\u01b0\u01a1ng ph\u00e1p gi\u00e1o d\u1ee5c m\u1ea7m non Nh\u1eadt B\u1ea3n v\u00e0 ch\u01b0\u01a1ng tr\u00ecnh chu\u1ea9n gi\u00e1o d\u1ee5c Vi\u1ec7t Nam.[\/vc_column_text][vc_btn title=&#8221;Xem chi ti\u1ebft&#8221; color=&#8221;orange&#8221; el_class=&#8221;new-read-more&#8221; link=&#8221;url:https%3A%2F%2Fsakuramontessori.edu.vn%2Fgioi-thieu%2Fthong-diep-nha-sang-lap%2F|||&#8221;][\/vc_column_inner][\/vc_row_inner][\/vc_column][\/vc_row][vc_row][vc_column][vc_empty_space][vc_row_inner][vc_column_inner width=&#8221;1\/2&#8243;][vc_column_text]<img loading=\"lazy\" decoding=\"async\" class=\"aligncenter size-full wp-image-4234\" src=\"https:\/\/websakuramontessorieduvnprod.s3.ap-southeast-1.amazonaws.com\/wp-content\/uploads\/2018\/10\/10231021\/mam-non-quoc-te-sakura-montessorri-4.jpg\" alt=\"\" width=\"590\" height=\"300\" srcset=\"https:\/\/websakuramontessorieduvnprod.s3.ap-southeast-1.amazonaws.com\/wp-content\/uploads\/2018\/10\/10231021\/mam-non-quoc-te-sakura-montessorri-4.jpg 590w, https:\/\/websakuramontessorieduvnprod.s3.ap-southeast-1.amazonaws.com\/wp-content\/uploads\/2018\/10\/10231021\/mam-non-quoc-te-sakura-montessorri-4-300x153.jpg 300w\" sizes=\"auto, (max-width: 590px) 100vw, 590px\" \/>[\/vc_column_text][\/vc_column_inner][vc_column_inner width=&#8221;1\/2&#8243;][vc_custom_heading text=&#8221;S\u1ee9 m\u1ec7nh &#8211; t\u1ea7m nh\u00ecn &#8211; gi\u00e1 tr\u1ecb c\u1ed1t l\u00f5i&#8221; google_fonts=&#8221;font_family:Roboto%3A100%2C100italic%2C300%2C300italic%2Cregular%2Citalic%2C500%2C500italic%2C700%2C700italic%2C900%2C900italic|font_style:700%20bold%20regular%3A700%3Anormal&#8221; css_animation=&#8221;none&#8221;][vc_column_text]Sakura Montessori l\u00e0 mang \u0111\u1ebfn m\u1ed9t m\u00f4i tr\u01b0\u1eddng \u0111\u01b0\u1ee3c chu\u1ea9n b\u1ecb s\u1eb5n s\u00e0ng v\u1edbi nh\u1eefng gi\u00e1o c\u1ee5 tr\u1ef1c quan, \u0111\u1ea7y \u0111\u1ee7, lu\u00f4n h\u1ea5p d\u1eabn v\u00e0 m\u1eddi g\u1ecdi, th\u00f4i th\u00fac kh\u1ea3 n\u0103ng t\u1ef1 h\u1ecdc, t\u01b0 duy \u0111\u1ed9c l\u1eadp v\u00e0 c\u1ed5 v\u0169 t\u00ednh s\u00e1ng t\u1ea1o c\u1ee7a tr\u1ebb.[\/vc_column_text][vc_btn title=&#8221;Xem chi ti\u1ebft&#8221; color=&#8221;orange&#8221; el_class=&#8221;new-read-more&#8221; link=&#8221;url:https%3A%2F%2Fsakuramontessori.edu.vn%2Fgioi-thieu%2Ftam-nhin-su-menh-gia-tri-cot-loi%2F|||&#8221;][\/vc_column_inner][\/vc_row_inner][\/vc_column][\/vc_row][vc_row][vc_column][vc_empty_space][vc_row_inner][vc_column_inner width=&#8221;1\/2&#8243;][vc_column_text]<img loading=\"lazy\" decoding=\"async\" class=\"aligncenter size-full wp-image-4240\" src=\"https:\/\/websakuramontessorieduvnprod.s3.ap-southeast-1.amazonaws.com\/wp-content\/uploads\/2018\/10\/10231022\/Hoi-dong-co-van.jpg\" alt=\"\" width=\"590\" height=\"300\" srcset=\"https:\/\/websakuramontessorieduvnprod.s3.ap-southeast-1.amazonaws.com\/wp-content\/uploads\/2018\/10\/10231022\/Hoi-dong-co-van.jpg 590w, https:\/\/websakuramontessorieduvnprod.s3.ap-southeast-1.amazonaws.com\/wp-content\/uploads\/2018\/10\/10231022\/Hoi-dong-co-van-300x153.jpg 300w\" sizes=\"auto, (max-width: 590px) 100vw, 590px\" \/>[\/vc_column_text][\/vc_column_inner][vc_column_inner width=&#8221;1\/2&#8243;][vc_custom_heading text=&#8221;H\u1ed9i \u0111\u1ed3ng c\u1ed1 v\u1ea5n&#8221; google_fonts=&#8221;font_family:Roboto%3A100%2C100italic%2C300%2C300italic%2Cregular%2Citalic%2C500%2C500italic%2C700%2C700italic%2C900%2C900italic|font_style:700%20bold%20regular%3A700%3Anormal&#8221; css_animation=&#8221;none&#8221; link=&#8221;url:https%3A%2F%2Fsakuramontessori.edu.vn%2Fgioi-thieu%2Fhoi-dong-co-van%2F|||&#8221;][vc_column_text]Sakura Montessori nh\u1eadn \u0111\u01b0\u1ee3c s\u1ef1 t\u01b0 v\u1ea5n t\u1eeb c\u00e1c chuy\u00ean gia h\u00e0ng \u0111\u1ea7u v\u1ec1 Montessori c\u1ee7a Vi\u1ec7t Nam &amp; th\u1ebf gi\u1edbi[\/vc_column_text][vc_btn title=&#8221;Xem chi ti\u1ebft&#8221; color=&#8221;orange&#8221; el_class=&#8221;new-read-more&#8221; link=&#8221;url:https%3A%2F%2Fsakuramontessori.edu.vn%2Fgioi-thieu%2Fhoi-dong-co-van%2F|||&#8221;][\/vc_column_inner][\/vc_row_inner][\/vc_column][\/vc_row][vc_row][vc_column][vc_empty_space][vc_row_inner][vc_column_inner width=&#8221;1\/2&#8243;][vc_column_text]<img loading=\"lazy\" decoding=\"async\" class=\"aligncenter size-full wp-image-4242\" src=\"https:\/\/websakuramontessorieduvnprod.s3.ap-southeast-1.amazonaws.com\/wp-content\/uploads\/2018\/10\/10231023\/doi-ngu-giao-vien-mam-non-sakura.jpg\" alt=\"\" width=\"590\" height=\"300\" srcset=\"https:\/\/websakuramontessorieduvnprod.s3.ap-southeast-1.amazonaws.com\/wp-content\/uploads\/2018\/10\/10231023\/doi-ngu-giao-vien-mam-non-sakura.jpg 590w, https:\/\/websakuramontessorieduvnprod.s3.ap-southeast-1.amazonaws.com\/wp-content\/uploads\/2018\/10\/10231023\/doi-ngu-giao-vien-mam-non-sakura-300x153.jpg 300w\" sizes=\"auto, (max-width: 590px) 100vw, 590px\" \/>[\/vc_column_text][\/vc_column_inner][vc_column_inner width=&#8221;1\/2&#8243;][vc_custom_heading text=&#8221;\u0110\u1ed9i ng\u0169 gi\u00e1o vi\u00ean&#8221; google_fonts=&#8221;font_family:Roboto%3A100%2C100italic%2C300%2C300italic%2Cregular%2Citalic%2C500%2C500italic%2C700%2C700italic%2C900%2C900italic|font_style:700%20bold%20regular%3A700%3Anormal&#8221; css_animation=&#8221;none&#8221; link=&#8221;url:https%3A%2F%2Fsakuramontessori.edu.vn%2Fgioi-thieu%2Fhoi-dong-co-van%2F|||&#8221;][vc_column_text]Nh\u00e0 tr\u01b0\u1eddng lu\u00f4n x\u00e1c \u0111\u1ecbnh ch\u1ea5t l\u01b0\u1ee3ng gi\u00e1o vi\u00ean l\u00e0 m\u1ed9t trong nh\u1eefng nh\u00e2n t\u1ed1 quan tr\u1ecdng nh\u1ea5t \u0111\u1ed1i v\u1edbi ch\u1ea5t l\u01b0\u1ee3ng gi\u00e1o d\u1ee5c c\u1ee7a Sakura Montessori. Gi\u00e1o vi\u00ean kh\u00f4ng ch\u1ec9 l\u00e0 ng\u01b0\u1eddi \u201cd\u1ea1y h\u1ecdc\u201d m\u00e0 h\u1ecd c\u00f2n l\u00e0 ng\u01b0\u1eddi truy\u1ec1n c\u1ea3m h\u1ee9ng, lan t\u1ecfa t\u00ecnh y\u00eau th\u01b0\u01a1ng, kh\u01a1i g\u1ee3i nh\u1eefng ti\u1ec1m n\u0103ng s\u1eb5n c\u00f3 trong m\u1ed7i tr\u1ebb.[\/vc_column_text][vc_btn title=&#8221;Xem chi ti\u1ebft&#8221; color=&#8221;orange&#8221; el_class=&#8221;new-read-more&#8221; link=&#8221;url:https%3A%2F%2Fsakuramontessori.edu.vn%2Fgioi-thieu%2Fdoi-ngu-giao-vien-mam-non-sakura-montessori%2F|||&#8221;][\/vc_column_inner][\/vc_row_inner][\/vc_column][\/vc_row][vc_row][vc_column][vc_empty_space][vc_row_inner][vc_column_inner width=&#8221;1\/2&#8243;][vc_column_text]<img loading=\"lazy\" decoding=\"async\" class=\"aligncenter size-full wp-image-4919\" src=\"https:\/\/websakuramontessorieduvnprod.s3.ap-southeast-1.amazonaws.com\/wp-content\/uploads\/2018\/10\/10231623\/hop-tac-quoc-te.jpg\" alt=\"\" width=\"560\" height=\"300\" srcset=\"https:\/\/websakuramontessorieduvnprod.s3.ap-southeast-1.amazonaws.com\/wp-content\/uploads\/2018\/10\/10231623\/hop-tac-quoc-te.jpg 560w, https:\/\/websakuramontessorieduvnprod.s3.ap-southeast-1.amazonaws.com\/wp-content\/uploads\/2018\/10\/10231623\/hop-tac-quoc-te-300x161.jpg 300w\" sizes=\"auto, (max-width: 560px) 100vw, 560px\" \/>[\/vc_column_text][\/vc_column_inner][vc_column_inner width=&#8221;1\/2&#8243;][vc_custom_heading text=&#8221;H\u1ee3p t\u00e1c qu\u1ed1c t\u1ebf&#8221; google_fonts=&#8221;font_family:Roboto%3A100%2C100italic%2C300%2C300italic%2Cregular%2Citalic%2C500%2C500italic%2C700%2C700italic%2C900%2C900italic|font_style:700%20bold%20regular%3A700%3Anormal&#8221; css_animation=&#8221;none&#8221; link=&#8221;url:https%3A%2F%2Fsakuramontessori.edu.vn%2Fgioi-thieu%2Fhoi-dong-co-van%2F|||&#8221;][vc_column_text]Sakura Montessori c\u00f3 c\u00e1c ch\u01b0\u01a1ng tr\u00ecnh li\u00ean k\u1ebft \u0111\u00e0o t\u1ea1o v\u1edbi c\u00e1c t\u1ed5 ch\u1ee9c gi\u00e1o d\u1ee5c h\u00e0ng \u0111\u1ea7u tr\u00ean th\u1ebf gi\u1edbi nh\u01b0 h\u1ec7 th\u1ed1ng tr\u01b0\u1eddng b\u01a1i Aquatos, h\u1ec7 th\u1ed1ng h\u1ecdc vi\u1ec7n b\u00f3ng \u0111\u00e1 Lowen[\/vc_column_text][vc_btn title=&#8221;Xem chi ti\u1ebft&#8221; color=&#8221;orange&#8221; el_class=&#8221;new-read-more&#8221; link=&#8221;url:https%3A%2F%2Fsakuramontessori.edu.vn%2Fhop-tac-quoc-te%2F|||&#8221;][\/vc_column_inner][\/vc_row_inner][\/vc_column][\/vc_row]\n","protected":false},"excerpt":{"rendered":"<p>[vc_row][vc_column][vc_empty_space][vc_row_inner][vc_column_inner width=&#8221;1\/2&#8243;][vc_column_text][\/vc_column_text][\/vc_column_inner][vc_column_inner width=&#8221;1\/2&#8243;][vc_custom_heading text=&#8221;Th\u00f4ng \u0111i\u1ec7p t\u1eeb nh\u00e0 s\u00e1ng l\u1eadp&#8221; google_fonts=&#8221;font_family:Roboto%3A100%2C100italic%2C300%2C300italic%2Cregular%2Citalic%2C500%2C500italic%2C700%2C700italic%2C900%2C900italic|font_style:700%20bold%20regular%3A700%3Anormal&#8221; css_animation=&#8221;none&#8221;][vc_column_text]SMIS ph\u00e1t tri\u1ec3n h\u01b0\u1edbng \u0111\u1ebfn m\u00f4i tr\u01b0\u1eddng gi\u00e1o d\u1ee5c m\u1ea7m non th\u00e2n thi\u1ec7n, tr\u00e0n ng\u1eadp ti\u1ebfng c\u01b0\u1eddi tr\u1ebb th\u01a1 v\u1edbi ph\u01b0\u01a1ng ph\u00e1p Montessori, k\u1ebft h\u1ee3p nh\u1eefng \u01b0u \u0111i\u1ec3m c\u1ee7a ph\u01b0\u01a1ng ph\u00e1p gi\u00e1o d\u1ee5c m\u1ea7m non Nh\u1eadt B\u1ea3n v\u00e0 ch\u01b0\u01a1ng tr\u00ecnh chu\u1ea9n gi\u00e1o d\u1ee5c Vi\u1ec7t Nam.[\/vc_column_text][vc_btn [&hellip;]<\/p>\n","protected":false},"author":1,"featured_media":0,"parent":0,"menu_order":0,"comment_status":"closed","ping_status":"closed","template":"","meta":{"footnotes":""},"class_list":["post-44971","page","type-page","status-publish","hentry"],"acf":[],"yoast_head":"<!-- This site is optimized with the Yoast SEO plugin v26.7 - https:\/\/yoast.com\/wordpress\/plugins\/seo\/ -->\n<title>Gi\u1edbi thi\u1ec7u h\u1ec7 th\u1ed1ng tr\u01b0\u1eddng m\u1ea7m non Sakura Montessori -<\/title>\n<meta name=\"description\" content=\"Gi\u1edbi thi\u1ec7u h\u1ec7 th\u1ed1ng tr\u01b0\u1eddng m\u1ea7m non Sakura Montessori -\" \/>\n<meta name=\"robots\" content=\"index, follow, max-snippet:-1, max-image-preview:large, max-video-preview:-1\" \/>\n<link rel=\"canonical\" href=\"https:\/\/stg.sakuramontessori.edu.vn\/en\/gioi-thieu\/\" \/>\n<meta property=\"og:locale\" content=\"vi_VN\" \/>\n<meta property=\"og:type\" content=\"article\" \/>\n<meta property=\"og:title\" content=\"Gi\u1edbi thi\u1ec7u h\u1ec7 th\u1ed1ng tr\u01b0\u1eddng m\u1ea7m non Sakura Montessori -\" \/>\n<meta property=\"og:description\" content=\"Gi\u1edbi thi\u1ec7u h\u1ec7 th\u1ed1ng tr\u01b0\u1eddng m\u1ea7m non Sakura Montessori -\" \/>\n<meta property=\"og:url\" content=\"https:\/\/stg.sakuramontessori.edu.vn\/en\/gioi-thieu\/\" \/>\n<meta property=\"og:site_name\" content=\"Sakura Montessori International School\" \/>\n<meta property=\"article:publisher\" content=\"https:\/\/facebook.com\/sakuramontessori.edu.vn\/\" \/>\n<meta property=\"og:image\" content=\"https:\/\/stg.sakuramontessori.edu.vn\/wp-content\/uploads\/2018\/10\/gioi-thieu-mam-non-quoc-te-sakura-montessori.jpg\" \/>\n<meta name=\"twitter:card\" content=\"summary_large_image\" \/>\n<meta name=\"twitter:label1\" content=\"Est. reading time\" \/>\n\t<meta name=\"twitter:data1\" content=\"5 minutes\" \/>\n<!-- \/ Yoast SEO plugin. -->","yoast_head_json":{"title":"Gi\u1edbi thi\u1ec7u h\u1ec7 th\u1ed1ng tr\u01b0\u1eddng m\u1ea7m non Sakura Montessori -","description":"Gi\u1edbi thi\u1ec7u h\u1ec7 th\u1ed1ng tr\u01b0\u1eddng m\u1ea7m non Sakura Montessori -","robots":{"index":"index","follow":"follow","max-snippet":"max-snippet:-1","max-image-preview":"max-image-preview:large","max-video-preview":"max-video-preview:-1"},"canonical":"https:\/\/stg.sakuramontessori.edu.vn\/en\/gioi-thieu\/","og_locale":"vi_VN","og_type":"article","og_title":"Gi\u1edbi thi\u1ec7u h\u1ec7 th\u1ed1ng tr\u01b0\u1eddng m\u1ea7m non Sakura Montessori -","og_description":"Gi\u1edbi thi\u1ec7u h\u1ec7 th\u1ed1ng tr\u01b0\u1eddng m\u1ea7m non Sakura Montessori -","og_url":"https:\/\/stg.sakuramontessori.edu.vn\/en\/gioi-thieu\/","og_site_name":"Sakura Montessori International School","article_publisher":"https:\/\/facebook.com\/sakuramontessori.edu.vn\/","og_image":[{"url":"https:\/\/stg.sakuramontessori.edu.vn\/wp-content\/uploads\/2018\/10\/gioi-thieu-mam-non-quoc-te-sakura-montessori.jpg","type":"","width":"","height":""}],"twitter_card":"summary_large_image","twitter_misc":{"Est. reading time":"5 minutes"},"schema":{"@context":"https:\/\/schema.org","@graph":[{"@type":"WebPage","@id":"https:\/\/stg.sakuramontessori.edu.vn\/en\/gioi-thieu\/","url":"https:\/\/stg.sakuramontessori.edu.vn\/en\/gioi-thieu\/","name":"Gi\u1edbi thi\u1ec7u h\u1ec7 th\u1ed1ng tr\u01b0\u1eddng m\u1ea7m non Sakura Montessori -","isPartOf":{"@id":"\/#website"},"primaryImageOfPage":{"@id":"https:\/\/stg.sakuramontessori.edu.vn\/en\/gioi-thieu\/#primaryimage"},"image":{"@id":"https:\/\/stg.sakuramontessori.edu.vn\/en\/gioi-thieu\/#primaryimage"},"thumbnailUrl":"https:\/\/stg.sakuramontessori.edu.vn\/wp-content\/uploads\/2018\/10\/gioi-thieu-mam-non-quoc-te-sakura-montessori.jpg","datePublished":"2018-10-26T04:29:22+00:00","description":"Gi\u1edbi thi\u1ec7u h\u1ec7 th\u1ed1ng tr\u01b0\u1eddng m\u1ea7m non Sakura Montessori -","breadcrumb":{"@id":"https:\/\/stg.sakuramontessori.edu.vn\/en\/gioi-thieu\/#breadcrumb"},"inLanguage":"en-US","potentialAction":[{"@type":"ReadAction","target":["https:\/\/stg.sakuramontessori.edu.vn\/en\/gioi-thieu\/"]}]},{"@type":"ImageObject","inLanguage":"en-US","@id":"https:\/\/stg.sakuramontessori.edu.vn\/en\/gioi-thieu\/#primaryimage","url":"https:\/\/stg.sakuramontessori.edu.vn\/wp-content\/uploads\/2018\/10\/gioi-thieu-mam-non-quoc-te-sakura-montessori.jpg","contentUrl":"https:\/\/stg.sakuramontessori.edu.vn\/wp-content\/uploads\/2018\/10\/gioi-thieu-mam-non-quoc-te-sakura-montessori.jpg"},{"@type":"BreadcrumbList","@id":"https:\/\/stg.sakuramontessori.edu.vn\/en\/gioi-thieu\/#breadcrumb","itemListElement":[{"@type":"ListItem","position":1,"name":"Home","item":"https:\/\/stg.sakuramontessori.edu.vn\/en\/"},{"@type":"ListItem","position":2,"name":"Gi\u1edbi thi\u1ec7u h\u1ec7 th\u1ed1ng tr\u01b0\u1eddng m\u1ea7m non Sakura Montessori"}]},{"@type":"WebSite","@id":"\/#website","url":"\/","name":"Sakura Montessori International School","description":"H\u1ec7 th\u1ed1ng tr\u01b0\u1eddng m\u1ea7m non Sakura Montessori \u00e1p d\u1ee5ng ph\u01b0\u01a1ng ph\u00e1p gi\u00e1o d\u1ee5c Montessori chu\u1ea9n qu\u1ed1c t\u1ebf","publisher":{"@id":"\/#organization"},"potentialAction":[{"@type":"SearchAction","target":{"@type":"EntryPoint","urlTemplate":"\/?s={search_term_string}"},"query-input":{"@type":"PropertyValueSpecification","valueRequired":true,"valueName":"search_term_string"}}],"inLanguage":"en-US"},{"@type":"Organization","@id":"\/#organization","name":"Tr\u01b0\u1eddng m\u1ea7m non song ng\u1eef qu\u1ed1c t\u1ebf Sakura Montessori","url":"\/","logo":{"@type":"ImageObject","inLanguage":"en-US","@id":"\/#\/schema\/logo\/image\/","url":"https:\/\/stg.sakuramontessori.edu.vn\/wp-content\/uploads\/2019\/05\/logo-web-sakura.png","contentUrl":"https:\/\/stg.sakuramontessori.edu.vn\/wp-content\/uploads\/2019\/05\/logo-web-sakura.png","width":150,"height":100,"caption":"Tr\u01b0\u1eddng m\u1ea7m non song ng\u1eef qu\u1ed1c t\u1ebf Sakura Montessori"},"image":{"@id":"\/#\/schema\/logo\/image\/"},"sameAs":["https:\/\/facebook.com\/sakuramontessori.edu.vn\/","https:\/\/www.youtube.com\/user\/Sakuramontessori"]}]}},"_links":{"self":[{"href":"https:\/\/stg.sakuramontessori.edu.vn\/en\/wp-json\/wp\/v2\/pages\/44971","targetHints":{"allow":["GET"]}}],"collection":[{"href":"https:\/\/stg.sakuramontessori.edu.vn\/en\/wp-json\/wp\/v2\/pages"}],"about":[{"href":"https:\/\/stg.sakuramontessori.edu.vn\/en\/wp-json\/wp\/v2\/types\/page"}],"author":[{"embeddable":true,"href":"https:\/\/stg.sakuramontessori.edu.vn\/en\/wp-json\/wp\/v2\/users\/1"}],"replies":[{"embeddable":true,"href":"https:\/\/stg.sakuramontessori.edu.vn\/en\/wp-json\/wp\/v2\/comments?post=44971"}],"version-history":[{"count":0,"href":"https:\/\/stg.sakuramontessori.edu.vn\/en\/wp-json\/wp\/v2\/pages\/44971\/revisions"}],"wp:attachment":[{"href":"https:\/\/stg.sakuramontessori.edu.vn\/en\/wp-json\/wp\/v2\/media?parent=44971"}],"curies":[{"name":"wp","href":"https:\/\/api.w.org\/{rel}","templated":true}]}}