{"id":45214,"date":"2023-03-15T15:44:08","date_gmt":"2023-03-15T08:44:08","guid":{"rendered":"https:\/\/stg.sakuramontessori.edu.vn\/study-program\/"},"modified":"2023-11-15T09:39:11","modified_gmt":"2023-11-15T02:39:11","slug":"our-program","status":"publish","type":"page","link":"https:\/\/stg.sakuramontessori.edu.vn\/en\/our-program\/","title":{"rendered":"Our Program"},"content":{"rendered":"[vc_section css=&#8221;.vc_custom_1676889479467{background-color: #e0e0e0 !important;background-position: center !important;background-repeat: no-repeat !important;background-size: cover !important;}&#8221;][vc_row full_width=&#8221;stretch_row&#8221;][vc_column][vc_column_text css=&#8221;.vc_custom_1676889566499{padding-right: 20px !important;padding-left: 20px !important;}&#8221;]\n<h2><strong>Learning program for preschool children using the Montessori method<\/strong><\/h2>\n<p>The curriculum system is designed based on the Montessori method, with a full range of fields: Practical life, Senses, Mathematics, Language, Science, Art, Music&#8230; Montessori education through creating a self-experienced environment for children, thereby making the most of the child&#8217;s available potential.[\/vc_column_text][vc_btn title=&#8221;Read more&#8221; color=&#8221;warning&#8221; el_class=&#8221;new-read-more&#8221; link=&#8221;url:https%3A%2F%2Fsakuramontessori.edu.vn%2Ftim-hieu-ve-montessori%2F|||&#8221; css=&#8221;.vc_custom_1676889609914{padding-right: 20px !important;padding-bottom: 20px !important;padding-left: 20px !important;}&#8221;][\/vc_column][\/vc_row][\/vc_section][vc_section css=&#8221;.vc_custom_1676889669811{padding-bottom: 20px !important;}&#8221;][vc_row][vc_column width=&#8221;1\/2&#8243;][vc_column_text]<a href=\"https:\/\/stg.sakuramontessori.edu.vn\/sakuramontessori-trien-khai-dong-bo-chuong-trinh-tieng-anh-nam-hoc-2019-2020\/\"><img loading=\"lazy\" decoding=\"async\" class=\"aligncenter wp-image-44455 size-full\" src=\"https:\/\/stg.sakuramontessori.edu.vn\/wp-content\/uploads\/2023\/02\/C%C3%B3-n%C3%AAn-cho-tr%E1%BA%BB-%C4%91i-h%E1%BB%8Dc-s%E1%BB%9Bm-hay-kh%C3%B4ng.jpg\" alt=\"c\u00f3 n\u00ean cho tr\u1ebb \u0111i h\u1ecdc s\u1edbm\" width=\"755\" height=\"423\" srcset=\"https:\/\/websakuramontessorieduvnprod.s3.ap-southeast-1.amazonaws.com\/wp-content\/uploads\/2023\/02\/05092817\/C%C3%B3-n%C3%AAn-cho-tr%E1%BA%BB-%C4%91i-h%E1%BB%8Dc-s%E1%BB%9Bm-hay-kh%C3%B4ng.jpg 755w, https:\/\/websakuramontessorieduvnprod.s3.ap-southeast-1.amazonaws.com\/wp-content\/uploads\/2023\/02\/05092817\/C%C3%B3-n%C3%AAn-cho-tr%E1%BA%BB-%C4%91i-h%E1%BB%8Dc-s%E1%BB%9Bm-hay-kh%C3%B4ng-300x168.jpg 300w, https:\/\/websakuramontessorieduvnprod.s3.ap-southeast-1.amazonaws.com\/wp-content\/uploads\/2023\/02\/05092817\/C%C3%B3-n%C3%AAn-cho-tr%E1%BA%BB-%C4%91i-h%E1%BB%8Dc-s%E1%BB%9Bm-hay-kh%C3%B4ng-696x390.jpg 696w, https:\/\/websakuramontessorieduvnprod.s3.ap-southeast-1.amazonaws.com\/wp-content\/uploads\/2023\/02\/05092817\/C%C3%B3-n%C3%AAn-cho-tr%E1%BA%BB-%C4%91i-h%E1%BB%8Dc-s%E1%BB%9Bm-hay-kh%C3%B4ng-750x420.jpg 750w\" sizes=\"auto, (max-width: 755px) 100vw, 755px\" \/><\/a>[\/vc_column_text][\/vc_column][vc_column width=&#8221;1\/2&#8243;][vc_custom_heading text=&#8221;English program&#8221; use_theme_fonts=&#8221;yes&#8221; link=&#8221;url:https%3A%2F%2Fsakuramontessori.edu.vn%2Fsakuramontessori-trien-khai-dong-bo-chuong-trinh-tieng-anh-nam-hoc-2019-2020%2F|title:Ch%C6%B0%C6%A1ng%20Tr%C3%ACnh%20Ti%E1%BA%BFng%20Anh|target:%20_blank|&#8221;][vc_column_text]Our English program is crafted in alignment with fundamental standards of the Common Core \u2013 the core educational standards in the United States \u2013 ensuring the development of English language skills that are tailored to suit Vietnamese preschool children in general and, more specifically, the children at Sakura Montessori.[\/vc_column_text][vc_btn title=&#8221;Find out more&#8221; color=&#8221;orange&#8221; el_class=&#8221;new-read-more&#8221; link=&#8221;url:https%3A%2F%2Fsakuramontessori.edu.vn%2Fen%2Fsakura-montessori-english-program%2F||target:%20_blank|&#8221;][\/vc_column][\/vc_row][\/vc_section][vc_section css=&#8221;.vc_custom_1676889677765{padding-bottom: 20px !important;}&#8221;][vc_row][vc_column width=&#8221;1\/2&#8243;][vc_column_text]<img loading=\"lazy\" decoding=\"async\" class=\"size-full wp-image-43995\" src=\"https:\/\/stg.sakuramontessori.edu.vn\/wp-content\/uploads\/2019\/03\/%C4%90%E1%BB%99i-ng%C5%A9-gi%C3%A1o-vi%C3%AAn-%C4%91%C6%B0%E1%BB%A3c-%C4%91%C3%A0o-t%E1%BA%A1o-theo-chu%E1%BA%A9n-Qu%E1%BB%91c-t%E1%BA%BF.jpg\" alt=\"\u0110\u1ed9i ng\u0169 gi\u00e1o vi\u00ean \u0111\u01b0\u1ee3c \u0111\u00e0o t\u1ea1o theo chu\u1ea9n Qu\u1ed1c t\u1ebf\" width=\"1000\" height=\"667\" \/>[\/vc_column_text][\/vc_column][vc_column width=&#8221;1\/2&#8243;][vc_custom_heading text=&#8221;Literature and Art Curriculum&#8221; use_theme_fonts=&#8221;yes&#8221; link=&#8221;url:https%3A%2F%2Fsakuramontessori.edu.vn%2Fchuong-trinh-van-the-my%2F||target:%20_blank|&#8221;][vc_column_text]A robust physical health forms the foundation for sharp intelligence and an optimistic spirit. In tandem with intellectual development, Sakura Montessori provides students with optimal opportunities for physical development during their early years.[\/vc_column_text][vc_btn title=&#8221;Find out more&#8221; color=&#8221;orange&#8221; el_class=&#8221;new-read-more&#8221; link=&#8221;url:https%3A%2F%2Fsakuramontessori.edu.vn%2Fen%2Fliterature-and-art-curriculum%2F|||&#8221;][\/vc_column][\/vc_row][\/vc_section][vc_section css=&#8221;.vc_custom_1676889686057{padding-bottom: 20px !important;}&#8221;][vc_row][vc_column width=&#8221;1\/2&#8243;][vc_column_text]<a href=\"https:\/\/stg.sakuramontessori.edu.vn\/sakura-montessori-doc-quyen-chuong-trinh-boi-chinh-khoa-aqua-tots-chuan-my\/\"><img loading=\"lazy\" decoding=\"async\" class=\"aligncenter wp-image-43132 size-full\" src=\"https:\/\/stg.sakuramontessori.edu.vn\/wp-content\/uploads\/2022\/02\/Cho-tr%E1%BA%BB-tham-gia-nhi%E1%BB%81u-ho%E1%BA%A1t-%C4%91%E1%BB%99ng-vui-ch%C6%A1i-%C4%91%E1%BB%83-ph%C3%A1t-tri%E1%BB%83n-k%E1%BB%B9-n%C4%83ng-%E1%BB%A9ng-x%E1%BB%AD.jpg\" alt=\"th\u1eddi k\u00ec nh\u1ea1y c\u1ea3m c\u1ee7a tr\u1ebb\" width=\"755\" height=\"503\" srcset=\"https:\/\/websakuramontessorieduvnprod.s3.ap-southeast-1.amazonaws.com\/wp-content\/uploads\/2022\/02\/30083845\/Cho-tr%E1%BA%BB-tham-gia-nhi%E1%BB%81u-ho%E1%BA%A1t-%C4%91%E1%BB%99ng-vui-ch%C6%A1i-%C4%91%E1%BB%83-ph%C3%A1t-tri%E1%BB%83n-k%E1%BB%B9-n%C4%83ng-%E1%BB%A9ng-x%E1%BB%AD.jpg 755w, https:\/\/websakuramontessorieduvnprod.s3.ap-southeast-1.amazonaws.com\/wp-content\/uploads\/2022\/02\/30083845\/Cho-tr%E1%BA%BB-tham-gia-nhi%E1%BB%81u-ho%E1%BA%A1t-%C4%91%E1%BB%99ng-vui-ch%C6%A1i-%C4%91%E1%BB%83-ph%C3%A1t-tri%E1%BB%83n-k%E1%BB%B9-n%C4%83ng-%E1%BB%A9ng-x%E1%BB%AD-300x200.jpg 300w, https:\/\/websakuramontessorieduvnprod.s3.ap-southeast-1.amazonaws.com\/wp-content\/uploads\/2022\/02\/30083845\/Cho-tr%E1%BA%BB-tham-gia-nhi%E1%BB%81u-ho%E1%BA%A1t-%C4%91%E1%BB%99ng-vui-ch%C6%A1i-%C4%91%E1%BB%83-ph%C3%A1t-tri%E1%BB%83n-k%E1%BB%B9-n%C4%83ng-%E1%BB%A9ng-x%E1%BB%AD-696x464.jpg 696w, https:\/\/websakuramontessorieduvnprod.s3.ap-southeast-1.amazonaws.com\/wp-content\/uploads\/2022\/02\/30083845\/Cho-tr%E1%BA%BB-tham-gia-nhi%E1%BB%81u-ho%E1%BA%A1t-%C4%91%E1%BB%99ng-vui-ch%C6%A1i-%C4%91%E1%BB%83-ph%C3%A1t-tri%E1%BB%83n-k%E1%BB%B9-n%C4%83ng-%E1%BB%A9ng-x%E1%BB%AD-630x420.jpg 630w\" sizes=\"auto, (max-width: 755px) 100vw, 755px\" \/><\/a><\/p>\n[\/vc_column_text][\/vc_column][vc_column width=&#8221;1\/2&#8243;][vc_custom_heading text=&#8221;Echo Music Curriculum&#8221; use_theme_fonts=&#8221;yes&#8221;][vc_column_text]Through visual and auditory musical experiences, and by exposing students to a diverse range of musical materials, the Echo Music program at Sakura Montessori Preschool system helps students optimize their abilities in sensory perception, vocalization, and nurtures a love for music.[\/vc_column_text][vc_btn title=&#8221;Find out more&#8221; color=&#8221;orange&#8221; el_class=&#8221;new-read-more&#8221; link=&#8221;url:https%3A%2F%2Fsakuramontessori.edu.vn%2Fsakura-montessori-dua-vao-giang-day-chuong-trinh-am-nhac-echo-music-hoan-toan-khac-biet%2F|||&#8221;][\/vc_column][\/vc_row][\/vc_section][vc_section css=&#8221;.vc_custom_1676889693850{padding-bottom: 20px !important;}&#8221;][vc_row][vc_column width=&#8221;1\/2&#8243;][vc_column_text]<img loading=\"lazy\" decoding=\"async\" class=\"size-full wp-image-41844\" src=\"https:\/\/stg.sakuramontessori.edu.vn\/wp-content\/uploads\/2022\/10\/Ch%C6%B0%C6%A1ng-tr%C3%ACnh-B%C6%A1i-l%E1%BB%99i-Aquatots-c%E1%BB%A7a-M%E1%BB%B9-t%E1%BA%A1i-tr%C6%B0%E1%BB%9Dng-m%E1%BA%A7m-non-qu%E1%BB%91c-t%E1%BA%BF-Sakura-Montessori.jpg\" alt=\"\" width=\"755\" height=\"443\" srcset=\"https:\/\/websakuramontessorieduvnprod.s3.ap-southeast-1.amazonaws.com\/wp-content\/uploads\/2022\/10\/05141039\/Ch%C6%B0%C6%A1ng-tr%C3%ACnh-B%C6%A1i-l%E1%BB%99i-Aquatots-c%E1%BB%A7a-M%E1%BB%B9-t%E1%BA%A1i-tr%C6%B0%E1%BB%9Dng-m%E1%BA%A7m-non-qu%E1%BB%91c-t%E1%BA%BF-Sakura-Montessori.jpg 755w, https:\/\/websakuramontessorieduvnprod.s3.ap-southeast-1.amazonaws.com\/wp-content\/uploads\/2022\/10\/05141039\/Ch%C6%B0%C6%A1ng-tr%C3%ACnh-B%C6%A1i-l%E1%BB%99i-Aquatots-c%E1%BB%A7a-M%E1%BB%B9-t%E1%BA%A1i-tr%C6%B0%E1%BB%9Dng-m%E1%BA%A7m-non-qu%E1%BB%91c-t%E1%BA%BF-Sakura-Montessori-300x176.jpg 300w\" sizes=\"auto, (max-width: 755px) 100vw, 755px\" \/>[\/vc_column_text][\/vc_column][vc_column width=&#8221;1\/2&#8243;][vc_custom_heading text=&#8221;Aqua-Tot Swimming&#8221; use_theme_fonts=&#8221;yes&#8221; link=&#8221;url:https%3A%2F%2Fsakuramontessori.edu.vn%2Fsakura-montessori-doc-quyen-chuong-trinh-boi-chinh-khoa-aqua-tots-chuan-my%2F|||&#8221;][vc_column_text]Stimulating outstanding motor development, enhancing endurance, fostering comprehensive skills, promoting a sense of community, and leveraging abilities in communication, critical thinking, and action \u2013 these are the distinct advantages that the exclusive Aqua-Tots swimming program, following American standards, brings to the students at Sakura Montessori Preschool[\/vc_column_text][vc_btn title=&#8221;Find out more&#8221; color=&#8221;orange&#8221; el_class=&#8221;new-read-more&#8221; link=&#8221;url:https%3A%2F%2Fsakuramontessori.edu.vn%2Fsakura-montessori-doc-quyen-chuong-trinh-boi-chinh-khoa-aqua-tots-chuan-my%2F|||&#8221;][\/vc_column][\/vc_row][\/vc_section]\n","protected":false},"excerpt":{"rendered":"<p>[vc_section css=&#8221;.vc_custom_1676889479467{background-color: #e0e0e0 !important;background-position: center !important;background-repeat: no-repeat !important;background-size: cover !important;}&#8221;][vc_row full_width=&#8221;stretch_row&#8221;][vc_column][vc_column_text css=&#8221;.vc_custom_1676889566499{padding-right: 20px !important;padding-left: 20px !important;}&#8221;] Learning program for preschool children using the Montessori method The curriculum system is designed based on the Montessori method, with a full range of fields: Practical life, Senses, Mathematics, Language, Science, Art, Music&#8230; Montessori education through creating a self-experienced [&hellip;]<\/p>\n","protected":false},"author":1,"featured_media":37509,"parent":0,"menu_order":0,"comment_status":"closed","ping_status":"closed","template":"page-pagebuilder-title.php","meta":{"footnotes":""},"class_list":["post-45214","page","type-page","status-publish","has-post-thumbnail","hentry"],"acf":[],"yoast_head":"<!-- This site is optimized with the Yoast SEO plugin v26.7 - https:\/\/yoast.com\/wordpress\/plugins\/seo\/ -->\n<title>Program for preschool children at Sakura Montessori school<\/title>\n<meta name=\"description\" content=\"The system of learning programs for preschool children is designed based on the American standard Montessori training program, with a full range of fields.\" \/>\n<meta name=\"robots\" content=\"index, follow, max-snippet:-1, max-image-preview:large, max-video-preview:-1\" \/>\n<link rel=\"canonical\" href=\"https:\/\/stg.sakuramontessori.edu.vn\/en\/our-program\/\" \/>\n<meta property=\"og:locale\" content=\"vi_VN\" \/>\n<meta property=\"og:type\" content=\"article\" \/>\n<meta property=\"og:title\" content=\"Program for preschool children at Sakura Montessori school\" \/>\n<meta property=\"og:description\" content=\"The program system is designed based on the American standard Montessori training program, with a full range of fields: Practical Life, Senses, Mathematics, Language, Science, Art, Music... complete Montessori educational philosophy\" \/>\n<meta property=\"og:url\" content=\"https:\/\/stg.sakuramontessori.edu.vn\/en\/our-program\/\" \/>\n<meta property=\"og:site_name\" content=\"Sakura Montessori International School\" \/>\n<meta property=\"article:publisher\" content=\"https:\/\/facebook.com\/sakuramontessori.edu.vn\/\" \/>\n<meta property=\"article:modified_time\" content=\"2023-11-15T02:39:11+00:00\" \/>\n<meta property=\"og:image\" content=\"https:\/\/stg.sakuramontessori.edu.vn\/wp-content\/uploads\/2021\/09\/co-so-vat-chat-sakura-montessori.jpg\" \/>\n\t<meta property=\"og:image:width\" content=\"378\" \/>\n\t<meta property=\"og:image:height\" content=\"245\" \/>\n\t<meta property=\"og:image:type\" content=\"image\/jpeg\" \/>\n<meta name=\"twitter:card\" content=\"summary_large_image\" \/>\n<meta name=\"twitter:label1\" content=\"Est. reading time\" \/>\n\t<meta name=\"twitter:data1\" content=\"3 minutes\" \/>\n<!-- \/ Yoast SEO plugin. -->","yoast_head_json":{"title":"Program for preschool children at Sakura Montessori school","description":"The system of learning programs for preschool children is designed based on the American standard Montessori training program, with a full range of fields.","robots":{"index":"index","follow":"follow","max-snippet":"max-snippet:-1","max-image-preview":"max-image-preview:large","max-video-preview":"max-video-preview:-1"},"canonical":"https:\/\/stg.sakuramontessori.edu.vn\/en\/our-program\/","og_locale":"vi_VN","og_type":"article","og_title":"Program for preschool children at Sakura Montessori school","og_description":"The program system is designed based on the American standard Montessori training program, with a full range of fields: Practical Life, Senses, Mathematics, Language, Science, Art, Music... complete Montessori educational philosophy","og_url":"https:\/\/stg.sakuramontessori.edu.vn\/en\/our-program\/","og_site_name":"Sakura Montessori International School","article_publisher":"https:\/\/facebook.com\/sakuramontessori.edu.vn\/","article_modified_time":"2023-11-15T02:39:11+00:00","og_image":[{"width":378,"height":245,"url":"https:\/\/stg.sakuramontessori.edu.vn\/wp-content\/uploads\/2021\/09\/co-so-vat-chat-sakura-montessori.jpg","type":"image\/jpeg"}],"twitter_card":"summary_large_image","twitter_misc":{"Est. reading time":"3 minutes"},"schema":{"@context":"https:\/\/schema.org","@graph":[{"@type":"WebPage","@id":"https:\/\/stg.sakuramontessori.edu.vn\/en\/our-program\/","url":"https:\/\/stg.sakuramontessori.edu.vn\/en\/our-program\/","name":"Program for preschool children at Sakura Montessori school","isPartOf":{"@id":"\/#website"},"primaryImageOfPage":{"@id":"https:\/\/stg.sakuramontessori.edu.vn\/en\/our-program\/#primaryimage"},"image":{"@id":"https:\/\/stg.sakuramontessori.edu.vn\/en\/our-program\/#primaryimage"},"thumbnailUrl":"https:\/\/stg.sakuramontessori.edu.vn\/wp-content\/uploads\/2021\/09\/co-so-vat-chat-sakura-montessori.jpg?wsr","datePublished":"2023-03-15T08:44:08+00:00","dateModified":"2023-11-15T02:39:11+00:00","description":"The system of learning programs for preschool children is designed based on the American standard Montessori training program, with a full range of fields.","breadcrumb":{"@id":"https:\/\/stg.sakuramontessori.edu.vn\/en\/our-program\/#breadcrumb"},"inLanguage":"en-US","potentialAction":[{"@type":"ReadAction","target":["https:\/\/stg.sakuramontessori.edu.vn\/en\/our-program\/"]}]},{"@type":"ImageObject","inLanguage":"en-US","@id":"https:\/\/stg.sakuramontessori.edu.vn\/en\/our-program\/#primaryimage","url":"https:\/\/stg.sakuramontessori.edu.vn\/wp-content\/uploads\/2021\/09\/co-so-vat-chat-sakura-montessori.jpg?wsr","contentUrl":"https:\/\/stg.sakuramontessori.edu.vn\/wp-content\/uploads\/2021\/09\/co-so-vat-chat-sakura-montessori.jpg?wsr","width":378,"height":245},{"@type":"BreadcrumbList","@id":"https:\/\/stg.sakuramontessori.edu.vn\/en\/our-program\/#breadcrumb","itemListElement":[{"@type":"ListItem","position":1,"name":"Home","item":"https:\/\/stg.sakuramontessori.edu.vn\/en\/"},{"@type":"ListItem","position":2,"name":"Our Program"}]},{"@type":"WebSite","@id":"\/#website","url":"\/","name":"Sakura Montessori International School","description":"H\u1ec7 th\u1ed1ng tr\u01b0\u1eddng m\u1ea7m non Sakura Montessori \u00e1p d\u1ee5ng ph\u01b0\u01a1ng ph\u00e1p gi\u00e1o d\u1ee5c Montessori chu\u1ea9n qu\u1ed1c t\u1ebf","publisher":{"@id":"\/#organization"},"potentialAction":[{"@type":"SearchAction","target":{"@type":"EntryPoint","urlTemplate":"\/?s={search_term_string}"},"query-input":{"@type":"PropertyValueSpecification","valueRequired":true,"valueName":"search_term_string"}}],"inLanguage":"en-US"},{"@type":"Organization","@id":"\/#organization","name":"Tr\u01b0\u1eddng m\u1ea7m non song ng\u1eef qu\u1ed1c t\u1ebf Sakura Montessori","url":"\/","logo":{"@type":"ImageObject","inLanguage":"en-US","@id":"\/#\/schema\/logo\/image\/","url":"https:\/\/stg.sakuramontessori.edu.vn\/wp-content\/uploads\/2019\/05\/logo-web-sakura.png","contentUrl":"https:\/\/stg.sakuramontessori.edu.vn\/wp-content\/uploads\/2019\/05\/logo-web-sakura.png","width":150,"height":100,"caption":"Tr\u01b0\u1eddng m\u1ea7m non song ng\u1eef qu\u1ed1c t\u1ebf Sakura Montessori"},"image":{"@id":"\/#\/schema\/logo\/image\/"},"sameAs":["https:\/\/facebook.com\/sakuramontessori.edu.vn\/","https:\/\/www.youtube.com\/user\/Sakuramontessori"]}]}},"_links":{"self":[{"href":"https:\/\/stg.sakuramontessori.edu.vn\/en\/wp-json\/wp\/v2\/pages\/45214","targetHints":{"allow":["GET"]}}],"collection":[{"href":"https:\/\/stg.sakuramontessori.edu.vn\/en\/wp-json\/wp\/v2\/pages"}],"about":[{"href":"https:\/\/stg.sakuramontessori.edu.vn\/en\/wp-json\/wp\/v2\/types\/page"}],"author":[{"embeddable":true,"href":"https:\/\/stg.sakuramontessori.edu.vn\/en\/wp-json\/wp\/v2\/users\/1"}],"replies":[{"embeddable":true,"href":"https:\/\/stg.sakuramontessori.edu.vn\/en\/wp-json\/wp\/v2\/comments?post=45214"}],"version-history":[{"count":0,"href":"https:\/\/stg.sakuramontessori.edu.vn\/en\/wp-json\/wp\/v2\/pages\/45214\/revisions"}],"wp:featuredmedia":[{"embeddable":true,"href":"https:\/\/stg.sakuramontessori.edu.vn\/en\/wp-json\/wp\/v2\/media\/37509"}],"wp:attachment":[{"href":"https:\/\/stg.sakuramontessori.edu.vn\/en\/wp-json\/wp\/v2\/media?parent=45214"}],"curies":[{"name":"wp","href":"https:\/\/api.w.org\/{rel}","templated":true}]}}